{"id":101,"date":"2014-02-28T14:08:11","date_gmt":"2014-02-28T14:08:11","guid":{"rendered":"http:\/\/192.168.3.10\/wps\/?page_id=101"},"modified":"2021-07-28T16:57:07","modified_gmt":"2021-07-28T16:57:07","slug":"missao","status":"publish","type":"page","link":"https:\/\/www.hcstecnologia.com.br\/wps\/?page_id=101","title":{"rendered":"Miss\u00e3o"},"content":{"rendered":"\n<p><\/p>\n\n\n\n<p>Ser um centro de excel\u00eancia na presta\u00e7\u00e3o de servi\u00e7os e comercializa\u00e7\u00e3o em equipamentos de tecnologia, identificando car\u00eancias e apresentando as melhores solu\u00e7\u00f5es para o crescimento de nossos clientes e colaboradores, sempre comprometidos em agregar valor \u00e0 Sociedade Brasileira. <\/p>\n","protected":false},"excerpt":{"rendered":"<p>Ser um centro de excel\u00eancia na presta\u00e7\u00e3o de servi\u00e7os e comercializa\u00e7\u00e3o em equipamentos de tecnologia, identificando car\u00eancias e apresentando as melhores solu\u00e7\u00f5es para o crescimento de nossos clientes e colaboradores, sempre comprometidos em agregar valor \u00e0 Sociedade Brasileira.<\/p>\n","protected":false},"author":1,"featured_media":0,"parent":13,"menu_order":0,"comment_status":"closed","ping_status":"open","template":"template_homepage-with-slideshow.php","meta":{"footnotes":""},"class_list":["post-101","page","type-page","status-publish","hentry"],"_links":{"self":[{"href":"https:\/\/www.hcstecnologia.com.br\/wps\/index.php?rest_route=\/wp\/v2\/pages\/101","targetHints":{"allow":["GET"]}}],"collection":[{"href":"https:\/\/www.hcstecnologia.com.br\/wps\/index.php?rest_route=\/wp\/v2\/pages"}],"about":[{"href":"https:\/\/www.hcstecnologia.com.br\/wps\/index.php?rest_route=\/wp\/v2\/types\/page"}],"author":[{"embeddable":true,"href":"https:\/\/www.hcstecnologia.com.br\/wps\/index.php?rest_route=\/wp\/v2\/users\/1"}],"replies":[{"embeddable":true,"href":"https:\/\/www.hcstecnologia.com.br\/wps\/index.php?rest_route=%2Fwp%2Fv2%2Fcomments&post=101"}],"version-history":[{"count":4,"href":"https:\/\/www.hcstecnologia.com.br\/wps\/index.php?rest_route=\/wp\/v2\/pages\/101\/revisions"}],"predecessor-version":[{"id":6883,"href":"https:\/\/www.hcstecnologia.com.br\/wps\/index.php?rest_route=\/wp\/v2\/pages\/101\/revisions\/6883"}],"up":[{"embeddable":true,"href":"https:\/\/www.hcstecnologia.com.br\/wps\/index.php?rest_route=\/wp\/v2\/pages\/13"}],"wp:attachment":[{"href":"https:\/\/www.hcstecnologia.com.br\/wps\/index.php?rest_route=%2Fwp%2Fv2%2Fmedia&parent=101"}],"curies":[{"name":"wp","href":"https:\/\/api.w.org\/{rel}","templated":true}]}}