{"id":105,"date":"2014-02-28T14:13:40","date_gmt":"2014-02-28T14:13:40","guid":{"rendered":"http:\/\/192.168.3.10\/wps\/?page_id=105"},"modified":"2024-10-29T17:19:12","modified_gmt":"2024-10-29T17:19:12","slug":"produtos","status":"publish","type":"page","link":"https:\/\/www.hcstecnologia.com.br\/wps\/?page_id=105","title":{"rendered":"Produtos"},"content":{"rendered":"<p>&#8220;Personalizar conforme a necessidade do cliente&#8221;<\/p>\n<p>\u00c9 pensando desta forma que a HCS Tecnologia fornece e desenvolve sob medida produtos na \u00e1rea de TI e comunica\u00e7\u00e3o com a medida certa para cada cliente conseguindo assim uma melhor rela\u00e7\u00e3o custo benef\u00edcio, n\u00e3o importando o tamanho do seu projeto, possu\u00edmos as parcerias certas com os melhores fornecedores mundiais e tamb\u00e9m com os mais qualificados do mercado nacional para atender todos os clientes com agilidade e compet\u00eancia.<\/p>\n<p>&nbsp;<\/p>\n<p>&nbsp;<\/p>\n","protected":false},"excerpt":{"rendered":"<p>&#8220;Personalizar conforme a necessidade do cliente&#8221; \u00c9 pensando desta forma que a HCS Tecnologia fornece e desenvolve sob medida produtos na \u00e1rea de TI e comunica\u00e7\u00e3o com a medida certa para cada cliente conseguindo assim uma melhor rela\u00e7\u00e3o custo benef\u00edcio, n\u00e3o importando o tamanho do seu projeto, possu\u00edmos as parcerias certas com os melhores fornecedores [&hellip;]<\/p>\n","protected":false},"author":1,"featured_media":0,"parent":13,"menu_order":2,"comment_status":"closed","ping_status":"open","template":"","meta":{"footnotes":""},"class_list":["post-105","page","type-page","status-publish","hentry"],"_links":{"self":[{"href":"https:\/\/www.hcstecnologia.com.br\/wps\/index.php?rest_route=\/wp\/v2\/pages\/105","targetHints":{"allow":["GET"]}}],"collection":[{"href":"https:\/\/www.hcstecnologia.com.br\/wps\/index.php?rest_route=\/wp\/v2\/pages"}],"about":[{"href":"https:\/\/www.hcstecnologia.com.br\/wps\/index.php?rest_route=\/wp\/v2\/types\/page"}],"author":[{"embeddable":true,"href":"https:\/\/www.hcstecnologia.com.br\/wps\/index.php?rest_route=\/wp\/v2\/users\/1"}],"replies":[{"embeddable":true,"href":"https:\/\/www.hcstecnologia.com.br\/wps\/index.php?rest_route=%2Fwp%2Fv2%2Fcomments&post=105"}],"version-history":[{"count":4,"href":"https:\/\/www.hcstecnologia.com.br\/wps\/index.php?rest_route=\/wp\/v2\/pages\/105\/revisions"}],"predecessor-version":[{"id":15999,"href":"https:\/\/www.hcstecnologia.com.br\/wps\/index.php?rest_route=\/wp\/v2\/pages\/105\/revisions\/15999"}],"up":[{"embeddable":true,"href":"https:\/\/www.hcstecnologia.com.br\/wps\/index.php?rest_route=\/wp\/v2\/pages\/13"}],"wp:attachment":[{"href":"https:\/\/www.hcstecnologia.com.br\/wps\/index.php?rest_route=%2Fwp%2Fv2%2Fmedia&parent=105"}],"curies":[{"name":"wp","href":"https:\/\/api.w.org\/{rel}","templated":true}]}}