{"id":120,"date":"2014-02-28T17:22:11","date_gmt":"2014-02-28T17:22:11","guid":{"rendered":"http:\/\/192.168.3.10\/wps\/?page_id=120"},"modified":"2025-12-18T20:14:12","modified_gmt":"2025-12-18T20:14:12","slug":"como-chegar","status":"publish","type":"page","link":"https:\/\/www.hcstecnologia.com.br\/wps\/?page_id=120","title":{"rendered":"Como Chegar"},"content":{"rendered":"<p><a href=\"https:\/\/www.google.com\/maps\/place\/HCS+Tecnologia\/@-29.6687416,-51.2641244,16z\/data=!4m6!3m5!1s0x9519597d2fce99fb:0xae59f741173a6fd8!8m2!3d-29.6708227!4d-51.265256!16s%2Fg%2F1pzw3b33t?entry=ttu&amp;g_ep=EgoyMDI1MTIwOS4wIKXMDSoASAFQAw%3D%3D\"><img loading=\"lazy\" decoding=\"async\" class=\"aligncenter size-full wp-image-16045\" src=\"https:\/\/www.hcstecnologia.com.br\/wps\/wp-content\/uploads\/2025\/12\/mapa-hcs.png\" alt=\"\" width=\"1831\" height=\"767\" srcset=\"https:\/\/www.hcstecnologia.com.br\/wps\/wp-content\/uploads\/2025\/12\/mapa-hcs.png 1831w, https:\/\/www.hcstecnologia.com.br\/wps\/wp-content\/uploads\/2025\/12\/mapa-hcs-300x126.png 300w, https:\/\/www.hcstecnologia.com.br\/wps\/wp-content\/uploads\/2025\/12\/mapa-hcs-960x402.png 960w, https:\/\/www.hcstecnologia.com.br\/wps\/wp-content\/uploads\/2025\/12\/mapa-hcs-768x322.png 768w, https:\/\/www.hcstecnologia.com.br\/wps\/wp-content\/uploads\/2025\/12\/mapa-hcs-1536x643.png 1536w\" sizes=\"auto, (max-width: 1831px) 100vw, 1831px\" \/><\/a><\/p>\r\n\r\n<p class=\"has-text-align-center\" style=\"text-align: center;\"><strong>Rua S\u00e3o Leopoldo, 4050 | Bairro Rinc\u00e3o do Cascalho | Port\u00e3o &#8211; RS | Fone +55 51 35625218<\/strong><\/p>\r\n<p style=\"text-align: center;\"><strong>Entregas de transportadoras devem ser feitas no <span style=\"color: #008000;\">port\u00e3o B<\/span> indicado na seta verde<\/strong><\/p>\r\n","protected":false},"excerpt":{"rendered":"<p>Rua S\u00e3o Leopoldo, 4050 | Bairro Rinc\u00e3o do Cascalho | Port\u00e3o &#8211; RS | Fone +55 51 35625218 Entregas de transportadoras devem ser feitas no port\u00e3o B indicado na seta verde<\/p>\n","protected":false},"author":1,"featured_media":0,"parent":13,"menu_order":0,"comment_status":"closed","ping_status":"open","template":"","meta":{"footnotes":""},"class_list":["post-120","page","type-page","status-publish","hentry"],"_links":{"self":[{"href":"https:\/\/www.hcstecnologia.com.br\/wps\/index.php?rest_route=\/wp\/v2\/pages\/120","targetHints":{"allow":["GET"]}}],"collection":[{"href":"https:\/\/www.hcstecnologia.com.br\/wps\/index.php?rest_route=\/wp\/v2\/pages"}],"about":[{"href":"https:\/\/www.hcstecnologia.com.br\/wps\/index.php?rest_route=\/wp\/v2\/types\/page"}],"author":[{"embeddable":true,"href":"https:\/\/www.hcstecnologia.com.br\/wps\/index.php?rest_route=\/wp\/v2\/users\/1"}],"replies":[{"embeddable":true,"href":"https:\/\/www.hcstecnologia.com.br\/wps\/index.php?rest_route=%2Fwp%2Fv2%2Fcomments&post=120"}],"version-history":[{"count":18,"href":"https:\/\/www.hcstecnologia.com.br\/wps\/index.php?rest_route=\/wp\/v2\/pages\/120\/revisions"}],"predecessor-version":[{"id":16049,"href":"https:\/\/www.hcstecnologia.com.br\/wps\/index.php?rest_route=\/wp\/v2\/pages\/120\/revisions\/16049"}],"up":[{"embeddable":true,"href":"https:\/\/www.hcstecnologia.com.br\/wps\/index.php?rest_route=\/wp\/v2\/pages\/13"}],"wp:attachment":[{"href":"https:\/\/www.hcstecnologia.com.br\/wps\/index.php?rest_route=%2Fwp%2Fv2%2Fmedia&parent=120"}],"curies":[{"name":"wp","href":"https:\/\/api.w.org\/{rel}","templated":true}]}}