{"id":13,"date":"2014-02-24T23:29:32","date_gmt":"2014-02-24T23:29:32","guid":{"rendered":"http:\/\/www.hcstecnologia.com.br\/wps\/?page_id=13"},"modified":"2020-09-25T08:32:05","modified_gmt":"2020-09-25T08:32:05","slug":"quem-somos","status":"publish","type":"page","link":"https:\/\/www.hcstecnologia.com.br\/wps\/?page_id=13","title":{"rendered":"Empresa"},"content":{"rendered":"\n<p>Fundada no Ano de 2005 e atualmente com matriz na cidade de Port\u00e3o, no estado do Rio Grande do Sul, a HCS Tecnologia tem seu foco na venda e manuten\u00e7\u00e3o de infraestruturas de TI.<\/p>\n\n\n<p><span style=\"color: #808080;\">Reunimos profissionais com ampla experi\u00eancia na \u00e1rea de tecnologia da informa\u00e7\u00e3o, com equipe ligada nas&nbsp;tend\u00eancias do mercado de TI.<\/span><\/p>\n<p><span style=\"color: #808080;\">Nosso conhecimento permite oferecer servi\u00e7os espec\u00edficos para empresas e clientes cada vez mais exigentes, que precisam contar sempre com agilidade, transpar\u00eancia, atualiza\u00e7\u00e3o, capacidade t\u00e9cnica e confian\u00e7a.<\/span><\/p>","protected":false},"excerpt":{"rendered":"<p>Fundada no Ano de 2005 e atualmente com matriz na cidade de Port\u00e3o, no estado do Rio Grande do Sul, a HCS Tecnologia tem seu foco na venda e manuten\u00e7\u00e3o de infraestruturas de TI. Reunimos profissionais com ampla experi\u00eancia na \u00e1rea de tecnologia da informa\u00e7\u00e3o, com equipe ligada nas&nbsp;tend\u00eancias do mercado de TI. Nosso conhecimento [&hellip;]<\/p>\n","protected":false},"author":1,"featured_media":0,"parent":0,"menu_order":0,"comment_status":"closed","ping_status":"open","template":"template_homepage-with-slideshow.php","meta":{"footnotes":""},"class_list":["post-13","page","type-page","status-publish","hentry"],"_links":{"self":[{"href":"https:\/\/www.hcstecnologia.com.br\/wps\/index.php?rest_route=\/wp\/v2\/pages\/13","targetHints":{"allow":["GET"]}}],"collection":[{"href":"https:\/\/www.hcstecnologia.com.br\/wps\/index.php?rest_route=\/wp\/v2\/pages"}],"about":[{"href":"https:\/\/www.hcstecnologia.com.br\/wps\/index.php?rest_route=\/wp\/v2\/types\/page"}],"author":[{"embeddable":true,"href":"https:\/\/www.hcstecnologia.com.br\/wps\/index.php?rest_route=\/wp\/v2\/users\/1"}],"replies":[{"embeddable":true,"href":"https:\/\/www.hcstecnologia.com.br\/wps\/index.php?rest_route=%2Fwp%2Fv2%2Fcomments&post=13"}],"version-history":[{"count":27,"href":"https:\/\/www.hcstecnologia.com.br\/wps\/index.php?rest_route=\/wp\/v2\/pages\/13\/revisions"}],"predecessor-version":[{"id":726,"href":"https:\/\/www.hcstecnologia.com.br\/wps\/index.php?rest_route=\/wp\/v2\/pages\/13\/revisions\/726"}],"wp:attachment":[{"href":"https:\/\/www.hcstecnologia.com.br\/wps\/index.php?rest_route=%2Fwp%2Fv2%2Fmedia&parent=13"}],"curies":[{"name":"wp","href":"https:\/\/api.w.org\/{rel}","templated":true}]}}