{"id":16009,"date":"2025-08-04T21:29:11","date_gmt":"2025-08-04T21:29:11","guid":{"rendered":"https:\/\/www.hcstecnologia.com.br\/wps\/?page_id=16009"},"modified":"2025-08-04T21:36:19","modified_gmt":"2025-08-04T21:36:19","slug":"como-configurar-seu-email-no-android","status":"publish","type":"page","link":"https:\/\/www.hcstecnologia.com.br\/wps\/?page_id=16009","title":{"rendered":"Como configurar seu email no Android"},"content":{"rendered":"<p style=\"text-align: left;\">Precisa configurar sua conta de email no Android? Veja como neste tutorial &#x1f600;<\/p>\n<p style=\"text-align: left;\">&#x1f4a1;\u00a0<strong>Importante<\/strong>: A partir do Android 7 o aplicativo de email n\u00e3o vem mais instalado no sistema. Portanto, como solu\u00e7\u00e3o, voc\u00ea pode utilizar o\u00a0aplicativo do Gmail\u00a0para configurar suas contas de emails.<\/p>\n<p style=\"text-align: left;\">&#x1f4a1;\u00a0<strong>Importante<\/strong>: Para aumentar a seguran\u00e7a dos emails, recomendamos o uso de SSL.<\/p>\n<h2 class=\"wp-block-heading\" style=\"text-align: left;\"><span id=\"Configurar_conta_de_email_com_SSLTLS\" class=\"ez-toc-section\"><\/span>Configurar conta de email com SSL\/TLS<\/h2>\n<h3 class=\"wp-block-heading\" style=\"text-align: left;\"><span id=\"Configuracao_IMAP\" class=\"ez-toc-section\"><\/span>Configura\u00e7\u00e3o IMAP<\/h3>\n<p style=\"text-align: left;\">Em seu Android, acesso o aplicativo padr\u00e3o de\u00a0<strong>E-mail<\/strong>. Na primeira tela, insira sua conta de email e sua senha. Ap\u00f3s, toque em\u00a0<strong>Configura\u00e7\u00e3o Manual<\/strong>.<\/p>\n<div class=\"wp-block-image\" style=\"text-align: left;\">\n<figure class=\"aligncenter is-resized\"><a href=\"https:\/\/www.kinghost.com.br\/wiki\/wp-content\/uploads\/2015\/08\/androidimap1.jpeg\"><br \/>\n<img loading=\"lazy\" decoding=\"async\" class=\"size-full wp-image-16011 alignnone\" src=\"https:\/\/www.hcstecnologia.com.br\/wps\/wp-content\/uploads\/2025\/08\/config_mail0.jpg\" alt=\"\" width=\"540\" height=\"472\" srcset=\"https:\/\/www.hcstecnologia.com.br\/wps\/wp-content\/uploads\/2025\/08\/config_mail0.jpg 540w, https:\/\/www.hcstecnologia.com.br\/wps\/wp-content\/uploads\/2025\/08\/config_mail0-300x262.jpg 300w\" sizes=\"auto, (max-width: 540px) 100vw, 540px\" \/><\/a><\/figure>\n<p style=\"text-align: center;\">\n<\/div>\n<p style=\"text-align: left;\">Na pr\u00f3xima tela, insira as configura\u00e7\u00f5es de entrada conforme os itens abaixo:<br \/>\n\u2022\u00a0<strong>Nome de usu\u00e1rio\u00a0<\/strong>\u2013 Preencha sua\u00a0<strong>conta de email completa<\/strong><br \/>\n\u2022\u00a0<strong>Senha<\/strong>\u00a0\u2013 Insira a<strong>\u00a0senha da sua conta de email<\/strong><br \/>\n<strong>\u2022 Servidor IMAP<\/strong>\u00a0\u2013 Coloque o endere\u00e7o\u00a0<strong><em>imap.SEUDOMINIO.net<\/em><\/strong><br \/>\n<strong>\u2022 Porta<\/strong>\u00a0\u2013 Utilize a porta\u00a0<strong>993<\/strong><br \/>\n<strong>\u2022 Tipo de Seguran\u00e7a<\/strong>\u00a0\u2013 Deixe como\u00a0<strong>SSL<\/strong><br \/>\n<strong>\u2022 Prefixo do caminho IMAP<\/strong>\u00a0\u2013 Coloque\u00a0<strong>INBOX<\/strong><\/p>\n<p style=\"text-align: left;\">Clique em\u00a0<strong>Pr\u00f3xima<\/strong>.<\/p>\n<div class=\"wp-block-image\" style=\"text-align: left;\">\n<figure class=\"aligncenter size-full is-resized\"><img loading=\"lazy\" decoding=\"async\" class=\"size-full wp-image-16010 alignnone\" src=\"https:\/\/www.hcstecnologia.com.br\/wps\/wp-content\/uploads\/2025\/08\/config_mail1.jpg\" alt=\"\" width=\"519\" height=\"718\" srcset=\"https:\/\/www.hcstecnologia.com.br\/wps\/wp-content\/uploads\/2025\/08\/config_mail1.jpg 519w, https:\/\/www.hcstecnologia.com.br\/wps\/wp-content\/uploads\/2025\/08\/config_mail1-217x300.jpg 217w\" sizes=\"auto, (max-width: 519px) 100vw, 519px\" \/><\/figure>\n<p>&nbsp;<\/p>\n<\/div>\n<p style=\"text-align: left;\">Na tela seguinte, voc\u00ea deve inserir as configura\u00e7\u00f5es de envio conforme com os itens abaixo.<br \/>\n\u2022\u00a0<strong>Servidor SMTP<\/strong>\u00a0\u2013 Coloque o endere\u00e7o\u00a0<strong><em>smtp.SEUDOMINIO.net<\/em><\/strong><br \/>\n<strong>\u2022 Porta<\/strong>\u00a0\u2013 Utilize a porta\u00a0<strong>465<\/strong><br \/>\n<strong>\u2022 Tipo de Seguran\u00e7a<\/strong>\u00a0\u2013 Deixe como\u00a0<strong>SSL<\/strong><br \/>\n<strong>\u2022 Requer login<\/strong>\u00a0\u2013 Marque a caixa<br \/>\n<strong>\u2022 Nome de usu\u00e1rio\u00a0<\/strong>\u2013 Preencha sua\u00a0<strong>conta de email completa<\/strong><br \/>\n<strong>\u2022 Senha<\/strong>\u00a0\u2013 Insira a\u00a0<strong>senha da sua conta de email<\/strong><\/p>\n<p style=\"text-align: left;\">Clique em\u00a0<strong>Pr\u00f3xima<\/strong>.<\/p>\n<div class=\"wp-block-image\" style=\"text-align: left;\">\n<figure class=\"aligncenter size-full is-resized\"><img loading=\"lazy\" decoding=\"async\" class=\"size-full wp-image-16012 alignnone\" src=\"https:\/\/www.hcstecnologia.com.br\/wps\/wp-content\/uploads\/2025\/08\/config_mail3.jpg\" alt=\"\" width=\"503\" height=\"888\" srcset=\"https:\/\/www.hcstecnologia.com.br\/wps\/wp-content\/uploads\/2025\/08\/config_mail3.jpg 503w, https:\/\/www.hcstecnologia.com.br\/wps\/wp-content\/uploads\/2025\/08\/config_mail3-170x300.jpg 170w\" sizes=\"auto, (max-width: 503px) 100vw, 503px\" \/><\/figure>\n<p>&nbsp;<\/p>\n<\/div>\n<p style=\"text-align: left;\">Defina as op\u00e7\u00f5es de notifica\u00e7\u00e3o e recebimento de emails conforme as suas prefer\u00eancias. Por fim, toque em\u00a0<strong>Pr\u00f3xima<\/strong>.<\/p>\n<p>&nbsp;<\/p>\n<div class=\"wp-block-image\" style=\"text-align: left;\">\n<figure class=\"aligncenter is-resized\"><img loading=\"lazy\" decoding=\"async\" class=\"size-full wp-image-16013 alignnone\" src=\"https:\/\/www.hcstecnologia.com.br\/wps\/wp-content\/uploads\/2025\/08\/config_mail4.jpg\" alt=\"\" width=\"540\" height=\"560\" srcset=\"https:\/\/www.hcstecnologia.com.br\/wps\/wp-content\/uploads\/2025\/08\/config_mail4.jpg 540w, https:\/\/www.hcstecnologia.com.br\/wps\/wp-content\/uploads\/2025\/08\/config_mail4-289x300.jpg 289w\" sizes=\"auto, (max-width: 540px) 100vw, 540px\" \/><\/figure>\n<p>&nbsp;<\/p>\n<\/div>\n<h3 class=\"wp-block-heading\" style=\"text-align: left;\"><span id=\"Configuracao_POP\" class=\"ez-toc-section\"><\/span>Configura\u00e7\u00e3o POP<\/h3>\n<p style=\"text-align: left;\">&#x1f4a1;\u00a0<strong>Importante: Recomendamos o uso de IMAP.<\/strong><\/p>\n<p style=\"text-align: left;\">Para entender como funciona cada um destes protocolos, confira:\u00a0<a href=\"https:\/\/www.hcstecnologia.com.br\/wps\/?page_id=16019\" target=\"_blank\" rel=\"noopener\">Entendendo as diferen\u00e7as entre POP e IMAP<\/a><\/p>\n<div class=\"wp-block-spacer\" style=\"text-align: left;\" aria-hidden=\"true\"><\/div>\n<p style=\"text-align: left;\">Caso opte por configurar como POP, basta seguir os mesmos passos acima. A diferen\u00e7a \u00e9 que, al\u00e9m de escolher como protocolo de recebimento o POP, voc\u00ea deve configurar o servidor de entrada e a porta da seguinte forma:<\/p>\n<ul style=\"text-align: left;\">\n<li><strong>Servidor de entrada:\u00a0<em>pop.SEUDOMINIO.net<\/em><\/strong><\/li>\n<li><strong>Porta de comunica\u00e7\u00e3o: 995<\/strong><\/li>\n<\/ul>\n<h2 class=\"wp-block-heading\" style=\"text-align: left;\"><span id=\"Configurar_conta_de_email_sem_SSLTLS\" class=\"ez-toc-section\"><\/span>Configurar conta de email sem SSL\/TLS<\/h2>\n<p style=\"text-align: left;\">Caso opte por n\u00e3o utilizar SLS\/TLS, configure da seguinte forma:<\/p>\n<ul>\n<li style=\"text-align: left;\">Tipo de seguran\u00e7a: Nenhum<\/li>\n<li style=\"text-align: left;\">Servidor de entrada \u2013 IMAP:\u00a0<strong><em>imap.SEUDOMINIO.net<\/em><\/strong>\u00a0| Porta:\u00a0<strong>143<\/strong><\/li>\n<li style=\"text-align: left;\">Servidor de entrada \u2013 POP:\u00a0<strong><em>pop.SEUDOMINIO.net<\/em><\/strong>\u00a0| Porta:\u00a0<strong>110<\/strong><\/li>\n<li style=\"text-align: left;\">Servidor de sa\u00edda \u2013 SMTP:\u00a0<strong><em>smtp.SEUDOMINIO.net<\/em>\u00a0<\/strong>| Porta:\u00a0<strong>587<\/strong><\/li>\n<\/ul>\n","protected":false},"excerpt":{"rendered":"<p>Precisa configurar sua conta de email no Android? Veja como neste tutorial &#x1f600; &#x1f4a1;\u00a0Importante: A partir do Android 7 o aplicativo de email n\u00e3o vem mais instalado no sistema. Portanto, como solu\u00e7\u00e3o, voc\u00ea pode utilizar o\u00a0aplicativo do Gmail\u00a0para configurar suas contas de emails. &#x1f4a1;\u00a0Importante: Para aumentar a seguran\u00e7a dos emails, recomendamos o uso de SSL. [&hellip;]<\/p>\n","protected":false},"author":1,"featured_media":0,"parent":0,"menu_order":0,"comment_status":"closed","ping_status":"closed","template":"","meta":{"footnotes":""},"class_list":["post-16009","page","type-page","status-publish","hentry"],"_links":{"self":[{"href":"https:\/\/www.hcstecnologia.com.br\/wps\/index.php?rest_route=\/wp\/v2\/pages\/16009","targetHints":{"allow":["GET"]}}],"collection":[{"href":"https:\/\/www.hcstecnologia.com.br\/wps\/index.php?rest_route=\/wp\/v2\/pages"}],"about":[{"href":"https:\/\/www.hcstecnologia.com.br\/wps\/index.php?rest_route=\/wp\/v2\/types\/page"}],"author":[{"embeddable":true,"href":"https:\/\/www.hcstecnologia.com.br\/wps\/index.php?rest_route=\/wp\/v2\/users\/1"}],"replies":[{"embeddable":true,"href":"https:\/\/www.hcstecnologia.com.br\/wps\/index.php?rest_route=%2Fwp%2Fv2%2Fcomments&post=16009"}],"version-history":[{"count":6,"href":"https:\/\/www.hcstecnologia.com.br\/wps\/index.php?rest_route=\/wp\/v2\/pages\/16009\/revisions"}],"predecessor-version":[{"id":16023,"href":"https:\/\/www.hcstecnologia.com.br\/wps\/index.php?rest_route=\/wp\/v2\/pages\/16009\/revisions\/16023"}],"wp:attachment":[{"href":"https:\/\/www.hcstecnologia.com.br\/wps\/index.php?rest_route=%2Fwp%2Fv2%2Fmedia&parent=16009"}],"curies":[{"name":"wp","href":"https:\/\/api.w.org\/{rel}","templated":true}]}}