{"id":16019,"date":"2025-08-04T21:34:58","date_gmt":"2025-08-04T21:34:58","guid":{"rendered":"https:\/\/www.hcstecnologia.com.br\/wps\/?page_id=16019"},"modified":"2025-08-04T21:34:58","modified_gmt":"2025-08-04T21:34:58","slug":"entendendo-as-diferencas-entre-pop-e-imap","status":"publish","type":"page","link":"https:\/\/www.hcstecnologia.com.br\/wps\/?page_id=16019","title":{"rendered":"Entendendo as diferen\u00e7as entre POP e IMAP"},"content":{"rendered":"<p><em>este artigo explicamos as diferen\u00e7as entre os protocolos de recebimento POP e IMAP. Entenda o funcionamento deles e saiba qual utilizar em seu e-mail.<\/em><\/p>\n<p>&nbsp;<\/p>\n<h2 class=\"wp-block-heading\"><span id=\"O_protocolo_POP\" class=\"ez-toc-section\"><\/span>O protocolo POP<\/h2>\n<p>&nbsp;<\/p>\n<p>O POP tem por principal fun\u00e7\u00e3o acessar a caixa de entrada da conta configurada e efetuar o\u00a0<strong>download<\/strong>\u00a0das mensagens para o ambiente local (seu computador, smartphone ou outro dispositivo). Como mencionado, o POP\u00a0<strong>somente<\/strong> acessa a pasta de Entrada das mensagens, caso existam outras pastas de e-mail que voc\u00ea tenha criado elas ficar\u00e3o indispon\u00edveis.<\/p>\n<p>Assim que as mensagens s\u00e3o baixadas para o seu dispositivo, as mesmas, por padr\u00e3o, s\u00e3o exclu\u00eddas do servidor de e-mails, o que pode gerar um futuro problema caso venha a formatar sua m\u00e1quina, por exemplo, onde n\u00e3o existir\u00e1 backup das mensagens.<br \/>\nH\u00e1 a possibilidade de configurar, via software, a op\u00e7\u00e3o de n\u00e3o remover mensagens do servidor, mas seu uso n\u00e3o \u00e9 garantido.<\/p>\n<p>Assim que voc\u00ea acessar sua conta de e-mail, as mensagens ser\u00e3o baixadas e ser\u00e3o exclu\u00eddas do servidor, o que faz com que somente voc\u00ea possa ter essa conta configurada. Caso queira ter a conta em v\u00e1rios dispositivos diferentes, definitivamente o POP n\u00e3o seria uma boa op\u00e7\u00e3o como protocolo de recebimento.<br \/>\nAl\u00e9m disso, como o POP \u00e9 limitado a visualizar somente a caixa de entrada, as mensagens enviadas ficam numa pasta local em seu dispositivo.<br \/>\n<span class=\"kh-featured\">Indica\u00e7\u00e3o de uso<\/span>: O POP \u00e9 indicado em casos onde voc\u00ea precisa realizar o backup de conte\u00fado da sua conta de e-mail.<\/p>\n<h3><\/h3>\n<h2 class=\"wp-block-heading\"><span id=\"O_protocolo_IMAP\" class=\"ez-toc-section\"><\/span>O protocolo IMAP<\/h2>\n<p>&nbsp;<\/p>\n<p>O IMAP realiza o\u00a0<strong>sincronismo<\/strong>\u00a0das mensagens entre servidor e dispositivos configurados.<br \/>\n\u00c9 basicamente um espelhamento do que existe no servidor de e-mail e \u00e9 o mesmo protocolo usado quando voc\u00ea acessa sua conta de e-mail via navegador (webmail).<\/p>\n<p>Sendo assim, ele consegue visualizar o conte\u00fado de qualquer pasta da conta de e-mail configurada, o que inclui tamb\u00e9m a pasta de e-mails enviados. Quando voc\u00ea enviar uma mensagem pelo seu dispositivo configurado como IMAP, essa mensagem ficar\u00e1 salva no servidor.<\/p>\n<p>O sincronismo permite que a conta seja configurada em diversos dispositivos diferentes e que seja acessada simultaneamente.<br \/>\nSe algu\u00e9m que acessou a conta via smartphone, por exemplo, enviar uma mensagem ou criar uma nova pasta, essa configura\u00e7\u00e3o refletir\u00e1 nos demais dispositivos configurados.<br \/>\n<span class=\"kh-featured\">Indica\u00e7\u00e3o de uso<\/span>: Indicado para o uso di\u00e1rio de sua conta de e-mail, maior organiza\u00e7\u00e3o da conta com o uso de pastas e para acesso simult\u00e2neo atrav\u00e9s de diversos dispositivos diferentes.<\/p>\n<h3><\/h3>\n<h2 class=\"wp-block-heading\"><span id=\"Diferencas_entre_POP_e_IMAP\" class=\"ez-toc-section\"><\/span>Diferen\u00e7as entre POP e IMAP<\/h2>\n<p>&nbsp;<\/p>\n<figure class=\"wp-block-table is-style-stripes\">\n<table>\n<tbody>\n<tr>\n<td>Item<\/td>\n<td>POP<\/td>\n<td>IMAP<\/td>\n<\/tr>\n<tr>\n<td>M\u00e9todo de recebimento<\/td>\n<td>Download<\/td>\n<td>Sincronismo<\/td>\n<\/tr>\n<tr>\n<td>Acessos simult\u00e2neos<\/td>\n<td>N\u00e3o<\/td>\n<td>Sim<\/td>\n<\/tr>\n<tr>\n<td>Visualiza\u00e7\u00e3o do conte\u00fado das pastas<\/td>\n<td>Somente a caixa de entrada<\/td>\n<td>Todas as pastas<\/td>\n<\/tr>\n<tr>\n<td>Envio de e-mails<\/td>\n<td>Salvos em pasta local<\/td>\n<td>Salvos no servidore de emails<\/td>\n<\/tr>\n<tr>\n<td>Indica\u00e7\u00e3o de uso<\/td>\n<td>Backup das mensagens da conta de email<\/td>\n<td>Uso di\u00e1rio<\/td>\n<\/tr>\n<\/tbody>\n<\/table>\n<\/figure>\n<p>&nbsp;<\/p>\n<p><em>Restando d\u00favidas ou precisando de ajuda, contate-nos via telefone ou chat e converse com nosso suporte. Tenha em m\u00e3os seu\u00a0c\u00f3digo de cliente\u00a0e\u00a0senha de atendimento\u00a0para ser atendido com mais agilidade.<\/em><\/p>\n","protected":false},"excerpt":{"rendered":"<p>este artigo explicamos as diferen\u00e7as entre os protocolos de recebimento POP e IMAP. Entenda o funcionamento deles e saiba qual utilizar em seu e-mail. &nbsp; O protocolo POP &nbsp; O POP tem por principal fun\u00e7\u00e3o acessar a caixa de entrada da conta configurada e efetuar o\u00a0download\u00a0das mensagens para o ambiente local (seu computador, smartphone ou [&hellip;]<\/p>\n","protected":false},"author":1,"featured_media":0,"parent":0,"menu_order":0,"comment_status":"closed","ping_status":"closed","template":"","meta":{"footnotes":""},"class_list":["post-16019","page","type-page","status-publish","hentry"],"_links":{"self":[{"href":"https:\/\/www.hcstecnologia.com.br\/wps\/index.php?rest_route=\/wp\/v2\/pages\/16019","targetHints":{"allow":["GET"]}}],"collection":[{"href":"https:\/\/www.hcstecnologia.com.br\/wps\/index.php?rest_route=\/wp\/v2\/pages"}],"about":[{"href":"https:\/\/www.hcstecnologia.com.br\/wps\/index.php?rest_route=\/wp\/v2\/types\/page"}],"author":[{"embeddable":true,"href":"https:\/\/www.hcstecnologia.com.br\/wps\/index.php?rest_route=\/wp\/v2\/users\/1"}],"replies":[{"embeddable":true,"href":"https:\/\/www.hcstecnologia.com.br\/wps\/index.php?rest_route=%2Fwp%2Fv2%2Fcomments&post=16019"}],"version-history":[{"count":3,"href":"https:\/\/www.hcstecnologia.com.br\/wps\/index.php?rest_route=\/wp\/v2\/pages\/16019\/revisions"}],"predecessor-version":[{"id":16022,"href":"https:\/\/www.hcstecnologia.com.br\/wps\/index.php?rest_route=\/wp\/v2\/pages\/16019\/revisions\/16022"}],"wp:attachment":[{"href":"https:\/\/www.hcstecnologia.com.br\/wps\/index.php?rest_route=%2Fwp%2Fv2%2Fmedia&parent=16019"}],"curies":[{"name":"wp","href":"https:\/\/api.w.org\/{rel}","templated":true}]}}