{"id":16024,"date":"2025-08-04T21:49:12","date_gmt":"2025-08-04T21:49:12","guid":{"rendered":"https:\/\/www.hcstecnologia.com.br\/wps\/?page_id=16024"},"modified":"2025-08-04T21:53:14","modified_gmt":"2025-08-04T21:53:14","slug":"como-configurar-sua-conta-de-e-mail-no-aplicativo-do-gmail-para-smartphone","status":"publish","type":"page","link":"https:\/\/www.hcstecnologia.com.br\/wps\/?page_id=16024","title":{"rendered":"Como configurar sua conta de e-mail no aplicativo do Gmail para Smartphone"},"content":{"rendered":"<p style=\"text-align: center;\"><em>Precisa utilizar sua conta de e-mail com a HCS no celular? Perfeito! Veja neste artigo como configurar sua conta de e-mail no Gmail para Smartphone.<\/em><\/p>\n<h6 style=\"text-align: center;\"><\/h6>\n<p style=\"text-align: center;\">O Gmail \u00e9 um \u00f3timo gerenciador de e-mails e possui sua vers\u00e3o para Smartphones. Administrado pela <em>Google<\/em>, est\u00e1 dispon\u00edvel nas plataformas:\u00a0<strong><a title=\"\" href=\"https:\/\/play.google.com\/store\/search?q=gmail&amp;c=apps\" target=\"_blank\" rel=\"noopener\">Android<\/a><\/strong>,\u00a0<strong><a title=\"\" href=\"https:\/\/apps.apple.com\/br\/app\/gmail-o-e-mail-do-google\/id422689480\" target=\"_blank\" rel=\"noopener\">iOS<\/a><\/strong>\u00a0(iPhone) e\u00a0<strong>Windows Phone<\/strong>. Nele, \u00e9 poss\u00edvel configurarmos contas Microsoft, Outlook, Exchange, Yahoo e tamb\u00e9m outras contas atrav\u00e9s do protocolo IMAP\/POP.<\/p>\n<h6 class=\"wp-block-spacer\" style=\"text-align: center;\" aria-hidden=\"true\"><\/h6>\n<h2 class=\"wp-block-heading\" style=\"text-align: center;\"><span id=\"Configurando_sua_conta_de_email_da_KingHost_no_Gmail_para_Smartphone\" class=\"ez-toc-section\"><\/span>Configurando sua conta de email da HCS no Gmail para Smartphone<\/h2>\n<h6 style=\"text-align: center;\"><\/h6>\n<p style=\"text-align: center;\">&#x1f4a1;\u00a0<strong>Importante<\/strong>: Antes de executar os passos a seguir voc\u00ea precisa ter criado uma conta de email em seu painel de controle. Confira:\u00a0Como criar uma conta de email (caixa postal).<\/p>\n<figure class=\"wp-block-embed is-type-video is-provider-youtube wp-block-embed-youtube wp-embed-aspect-16-9 wp-has-aspect-ratio\">\n<h6 class=\"wp-block-embed__wrapper\"><\/h6>\n<\/figure>\n<h3 class=\"wp-block-heading\" style=\"text-align: center;\"><span id=\"Configuracao_para_clientes\" class=\"ez-toc-section\"><\/span>Configura\u00e7\u00e3o para clientes<\/h3>\n<p style=\"text-align: center;\">Para come\u00e7ar, abra o aplicativo do Gmail.<\/p>\n<p style=\"text-align: center;\">No canto superior esquerdo, clique na gaveta de navega\u00e7\u00e3o.<\/p>\n<div class=\"wp-block-image\" style=\"text-align: center;\">\n<figure class=\"aligncenter size-full is-resized\"><img loading=\"lazy\" decoding=\"async\" class=\"wp-image-24350\" src=\"https:\/\/king.host\/wiki\/wp-content\/uploads\/2023\/11\/gmail-1-1.png\" sizes=\"auto, (max-width: 319px) 100vw, 319px\" srcset=\"https:\/\/king.host\/wiki\/wp-content\/uploads\/2023\/11\/gmail-1-1.png 319w, https:\/\/king.host\/wiki\/wp-content\/uploads\/2023\/11\/gmail-1-1-138x300.png 138w\" alt=\"\" width=\"319\" height=\"696\" \/><\/figure>\n<\/div>\n<p style=\"text-align: center;\">Role e ao final da tela clique em\u00a0<strong>Configura\u00e7\u00f5es<\/strong>.<\/p>\n<div class=\"wp-block-image\" style=\"text-align: center;\">\n<figure class=\"aligncenter size-full is-resized\"><img loading=\"lazy\" decoding=\"async\" class=\"wp-image-24351 lazyloaded\" src=\"https:\/\/king.host\/wiki\/wp-content\/uploads\/2023\/11\/gmail-2.png\" sizes=\"auto, (max-width: 335px) 100vw, 335px\" srcset=\"https:\/\/king.host\/wiki\/wp-content\/uploads\/2023\/11\/gmail-2.png 335w, https:\/\/king.host\/wiki\/wp-content\/uploads\/2023\/11\/gmail-2-143x300.png 143w\" alt=\"\" width=\"335\" height=\"705\" data-src=\"https:\/\/king.host\/wiki\/wp-content\/uploads\/2023\/11\/gmail-2.png\" data-srcset=\"https:\/\/king.host\/wiki\/wp-content\/uploads\/2023\/11\/gmail-2.png 335w, https:\/\/king.host\/wiki\/wp-content\/uploads\/2023\/11\/gmail-2-143x300.png 143w\" data-sizes=\"(max-width: 335px) 100vw, 335px\" \/><\/figure>\n<\/div>\n<p style=\"text-align: center;\">Clique em\u00a0<strong>Adicionar conta<\/strong>.<\/p>\n<div class=\"wp-block-image\" style=\"text-align: center;\">\n<figure class=\"aligncenter size-full is-resized\"><img loading=\"lazy\" decoding=\"async\" class=\"wp-image-24352 lazyloaded\" src=\"https:\/\/king.host\/wiki\/wp-content\/uploads\/2023\/11\/gmail-3.png\" sizes=\"auto, (max-width: 337px) 100vw, 337px\" srcset=\"https:\/\/king.host\/wiki\/wp-content\/uploads\/2023\/11\/gmail-3.png 337w, https:\/\/king.host\/wiki\/wp-content\/uploads\/2023\/11\/gmail-3-145x300.png 145w\" alt=\"\" width=\"337\" height=\"697\" data-src=\"https:\/\/king.host\/wiki\/wp-content\/uploads\/2023\/11\/gmail-3.png\" data-srcset=\"https:\/\/king.host\/wiki\/wp-content\/uploads\/2023\/11\/gmail-3.png 337w, https:\/\/king.host\/wiki\/wp-content\/uploads\/2023\/11\/gmail-3-145x300.png 145w\" data-sizes=\"(max-width: 337px) 100vw, 337px\" \/><\/figure>\n<\/div>\n<p style=\"text-align: center;\">Na pr\u00f3xima tela, escolha o tipo de configura\u00e7\u00e3o como\u00a0<strong>Outra<\/strong>.<\/p>\n<div class=\"wp-block-image\" style=\"text-align: center;\">\n<figure class=\"aligncenter size-full is-resized\"><img loading=\"lazy\" decoding=\"async\" class=\"wp-image-24353 lazyloaded\" src=\"https:\/\/king.host\/wiki\/wp-content\/uploads\/2023\/11\/gmail-4.png\" sizes=\"auto, (max-width: 331px) 100vw, 331px\" srcset=\"https:\/\/king.host\/wiki\/wp-content\/uploads\/2023\/11\/gmail-4.png 331w, https:\/\/king.host\/wiki\/wp-content\/uploads\/2023\/11\/gmail-4-142x300.png 142w\" alt=\"\" width=\"331\" height=\"698\" data-src=\"https:\/\/king.host\/wiki\/wp-content\/uploads\/2023\/11\/gmail-4.png\" data-srcset=\"https:\/\/king.host\/wiki\/wp-content\/uploads\/2023\/11\/gmail-4.png 331w, https:\/\/king.host\/wiki\/wp-content\/uploads\/2023\/11\/gmail-4-142x300.png 142w\" data-sizes=\"(max-width: 331px) 100vw, 331px\" \/><\/figure>\n<\/div>\n<p style=\"text-align: center;\">Preencha seu endere\u00e7o de email. Exemplo:\u00a0conta@dominio.com.br<\/p>\n<p style=\"text-align: center;\">Clique em\u00a0<strong>CONFIGURA\u00c7\u00c3O MANUAL<\/strong>.<\/p>\n<div class=\"wp-block-image\" style=\"text-align: center;\">\n<figure class=\"aligncenter size-full is-resized\"><img loading=\"lazy\" decoding=\"async\" class=\"wp-image-24354 lazyloaded\" src=\"https:\/\/king.host\/wiki\/wp-content\/uploads\/2023\/11\/gmail-5.png\" sizes=\"auto, (max-width: 333px) 100vw, 333px\" srcset=\"https:\/\/king.host\/wiki\/wp-content\/uploads\/2023\/11\/gmail-5.png 333w, https:\/\/king.host\/wiki\/wp-content\/uploads\/2023\/11\/gmail-5-143x300.png 143w\" alt=\"\" width=\"333\" height=\"698\" data-src=\"https:\/\/king.host\/wiki\/wp-content\/uploads\/2023\/11\/gmail-5.png\" data-srcset=\"https:\/\/king.host\/wiki\/wp-content\/uploads\/2023\/11\/gmail-5.png 333w, https:\/\/king.host\/wiki\/wp-content\/uploads\/2023\/11\/gmail-5-143x300.png 143w\" data-sizes=\"(max-width: 333px) 100vw, 333px\" \/><\/figure>\n<\/div>\n<p style=\"text-align: center;\">Na tela \u201cQue tipo de configura\u00e7\u00e3o \u00e9 esta?\u201d, clique na op\u00e7\u00e3o:\u00a0<strong>Pessoal (IMAP)<\/strong>.<\/p>\n<div class=\"wp-block-image\" style=\"text-align: center;\">\n<figure class=\"aligncenter size-full is-resized\"><img loading=\"lazy\" decoding=\"async\" class=\"wp-image-24355 lazyloaded\" src=\"https:\/\/king.host\/wiki\/wp-content\/uploads\/2023\/11\/gmail-6.png\" sizes=\"auto, (max-width: 334px) 100vw, 334px\" srcset=\"https:\/\/king.host\/wiki\/wp-content\/uploads\/2023\/11\/gmail-6.png 334w, https:\/\/king.host\/wiki\/wp-content\/uploads\/2023\/11\/gmail-6-141x300.png 141w\" alt=\"\" width=\"334\" height=\"713\" data-src=\"https:\/\/king.host\/wiki\/wp-content\/uploads\/2023\/11\/gmail-6.png\" data-srcset=\"https:\/\/king.host\/wiki\/wp-content\/uploads\/2023\/11\/gmail-6.png 334w, https:\/\/king.host\/wiki\/wp-content\/uploads\/2023\/11\/gmail-6-141x300.png 141w\" data-sizes=\"(max-width: 334px) 100vw, 334px\" \/><\/figure>\n<\/div>\n<p style=\"text-align: center;\">&#x1f4a1;\u00a0<strong>Importante: \u00c9 recomendado que utilize a configura\u00e7\u00e3o IMAP!<\/strong><br \/>\nCom a configura\u00e7\u00e3o IMAP, todas as mensagens continuar\u00e3o salvas em nosso servidor e seu aplicativo sincronizar\u00e1 com o conte\u00fado. Consequentemente, voc\u00ea conseguir\u00e1 utilizar a mesma conta de email em outro gerenciador e em outras m\u00e1quinas, visualizando as mesmas mensagens e pastas.<br \/>\nPara mais informa\u00e7\u00f5es sobre as diferen\u00e7as entre os protocolos POP e IMAP, clique\u00a0aqui.<\/p>\n<div class=\"wp-block-spacer\" style=\"text-align: center;\" aria-hidden=\"true\"><\/div>\n<p style=\"text-align: center;\">Obs: Caso opte por configurar sua conta como POP, nessa tela escolha: Pessoal (PO3).<\/p>\n<p style=\"text-align: center;\">A seguir, informe a senha da conta.<\/p>\n<p style=\"text-align: center;\">Clique em\u00a0<strong>PR\u00d3XIMA<\/strong>.<\/p>\n<div class=\"wp-block-image\" style=\"text-align: center;\">\n<figure class=\"aligncenter size-full is-resized\"><img loading=\"lazy\" decoding=\"async\" class=\"wp-image-24356 lazyloaded\" src=\"https:\/\/king.host\/wiki\/wp-content\/uploads\/2023\/11\/gmail-7.png\" sizes=\"auto, (max-width: 328px) 100vw, 328px\" srcset=\"https:\/\/king.host\/wiki\/wp-content\/uploads\/2023\/11\/gmail-7.png 328w, https:\/\/king.host\/wiki\/wp-content\/uploads\/2023\/11\/gmail-7-138x300.png 138w\" alt=\"\" width=\"328\" height=\"713\" data-src=\"https:\/\/king.host\/wiki\/wp-content\/uploads\/2023\/11\/gmail-7.png\" data-srcset=\"https:\/\/king.host\/wiki\/wp-content\/uploads\/2023\/11\/gmail-7.png 328w, https:\/\/king.host\/wiki\/wp-content\/uploads\/2023\/11\/gmail-7-138x300.png 138w\" data-sizes=\"(max-width: 328px) 100vw, 328px\" \/><\/figure>\n<\/div>\n<p style=\"text-align: center;\">A partir daqui, precisaremos informar o servidor de entrada de e-mails (<strong>IMAP ou POP<\/strong>) e o servidor de sa\u00edda de e-mails (<strong>SMTP<\/strong>).<\/p>\n<h4 class=\"wp-block-heading\" style=\"text-align: center;\"><span id=\"Configuracoes_do_servidor_de_entrada\" class=\"ez-toc-section\"><\/span>Configura\u00e7\u00f5es do servidor de entrada<\/h4>\n<p style=\"text-align: center;\">No campo\u00a0<strong>Nome de usu\u00e1rio<\/strong>, verifique se est\u00e1 inserido\u00a0<strong>seu e-mail completo<\/strong>;<\/p>\n<p style=\"text-align: center;\">No campo\u00a0<strong>Senha<\/strong>, verifique se est\u00e1 inserida a senha desta conta de e-mail;<\/p>\n<p style=\"text-align: center;\">No campo\u00a0<strong>Servidor<\/strong>, preencha com:\u00a0<strong>imap.uni5.net<\/strong>\u00a0((recomendado))<\/p>\n<p style=\"text-align: center;\"><strong>ATEN\u00c7\u00c3O:\u00a0<\/strong>Caso tenha optado por utilizar o protocolo POP, preencha com: pop.uni5.net<\/p>\n<p style=\"text-align: center;\">Clique em\u00a0<strong>PR\u00d3XIMA<\/strong>.<\/p>\n<div class=\"wp-block-image\" style=\"text-align: center;\">\n<figure class=\"aligncenter size-full is-resized\"><img loading=\"lazy\" decoding=\"async\" class=\"size-full wp-image-16025 alignnone\" src=\"https:\/\/www.hcstecnologia.com.br\/wps\/wp-content\/uploads\/2025\/08\/config_mail5.jpg\" alt=\"\" width=\"342\" height=\"663\" srcset=\"https:\/\/www.hcstecnologia.com.br\/wps\/wp-content\/uploads\/2025\/08\/config_mail5.jpg 342w, https:\/\/www.hcstecnologia.com.br\/wps\/wp-content\/uploads\/2025\/08\/config_mail5-155x300.jpg 155w\" sizes=\"auto, (max-width: 342px) 100vw, 342px\" \/><\/figure>\n<p>&nbsp;<\/p>\n<\/div>\n<p style=\"text-align: center;\">Obs: Ao seguir estes passos, a porta e o m\u00e9todo de autentica\u00e7\u00e3o ser\u00e3o configurados automaticamente com SSL!<\/p>\n<h4 class=\"wp-block-heading\" style=\"text-align: center;\"><span id=\"Configuracoes_do_servidor_de_saida\" class=\"ez-toc-section\"><\/span>Configura\u00e7\u00f5es do servidor de sa\u00edda<\/h4>\n<p style=\"text-align: center;\">No campo\u00a0<strong>Nome de usu\u00e1rio<\/strong>, verifique se est\u00e1 inserido\u00a0<strong>seu email completo<\/strong>;<\/p>\n<p style=\"text-align: center;\">No campo\u00a0<strong>Senha<\/strong>, verifique se est\u00e1 inserida a senha desta conta de email;<\/p>\n<p style=\"text-align: center;\">No campo\u00a0<strong>Servidor SMTP<\/strong>, preencha com:\u00a0<strong>smtp.kinghost.net<\/strong><\/p>\n<p style=\"text-align: center;\">Clique em\u00a0<strong>PR\u00d3XIMA<\/strong>.<\/p>\n<div class=\"wp-block-image\" style=\"text-align: center;\">\n<figure class=\"aligncenter size-full is-resized\"><img loading=\"lazy\" decoding=\"async\" class=\"size-full wp-image-16026 alignnone\" src=\"https:\/\/www.hcstecnologia.com.br\/wps\/wp-content\/uploads\/2025\/08\/config_mail6.jpg\" alt=\"\" width=\"342\" height=\"669\" srcset=\"https:\/\/www.hcstecnologia.com.br\/wps\/wp-content\/uploads\/2025\/08\/config_mail6.jpg 342w, https:\/\/www.hcstecnologia.com.br\/wps\/wp-content\/uploads\/2025\/08\/config_mail6-153x300.jpg 153w\" sizes=\"auto, (max-width: 342px) 100vw, 342px\" \/><\/figure>\n<\/div>\n<p style=\"text-align: center;\">Escolha as op\u00e7\u00f5es de sincroniza\u00e7\u00e3o e recebimento de mensagens de acordo com suas prefer\u00eancias. Em seguida, clique em\u00a0<strong>PR\u00d3XIMA<\/strong>.<\/p>\n<p style=\"text-align: center;\"><strong>Configura\u00e7\u00e3o recomendada:<\/strong><\/p>\n<div class=\"wp-block-image\" style=\"text-align: center;\">\n<figure class=\"aligncenter size-full is-resized\"><img loading=\"lazy\" decoding=\"async\" class=\"wp-image-24360 lazyloaded\" src=\"https:\/\/king.host\/wiki\/wp-content\/uploads\/2023\/11\/gmail-10.png\" sizes=\"auto, (max-width: 328px) 100vw, 328px\" srcset=\"https:\/\/king.host\/wiki\/wp-content\/uploads\/2023\/11\/gmail-10.png 328w, https:\/\/king.host\/wiki\/wp-content\/uploads\/2023\/11\/gmail-10-147x300.png 147w\" alt=\"\" width=\"328\" height=\"669\" data-src=\"https:\/\/king.host\/wiki\/wp-content\/uploads\/2023\/11\/gmail-10.png\" data-srcset=\"https:\/\/king.host\/wiki\/wp-content\/uploads\/2023\/11\/gmail-10.png 328w, https:\/\/king.host\/wiki\/wp-content\/uploads\/2023\/11\/gmail-10-147x300.png 147w\" data-sizes=\"(max-width: 328px) 100vw, 328px\" \/><\/figure>\n<\/div>\n<p style=\"text-align: center;\">Informe o nome que dever\u00e1 ser exibido quando voc\u00ea enviar emails.<\/p>\n<p style=\"text-align: center;\">Clique em\u00a0<strong>PR\u00d3XIMA<\/strong>.<\/p>\n<div class=\"wp-block-image\" style=\"text-align: center;\">\n<figure class=\"aligncenter size-full is-resized\"><img loading=\"lazy\" decoding=\"async\" class=\"wp-image-24361 lazyloaded\" src=\"https:\/\/king.host\/wiki\/wp-content\/uploads\/2023\/11\/gmail-11.png\" sizes=\"auto, (max-width: 344px) 100vw, 344px\" srcset=\"https:\/\/king.host\/wiki\/wp-content\/uploads\/2023\/11\/gmail-11.png 344w, https:\/\/king.host\/wiki\/wp-content\/uploads\/2023\/11\/gmail-11-154x300.png 154w\" alt=\"\" width=\"344\" height=\"669\" data-src=\"https:\/\/king.host\/wiki\/wp-content\/uploads\/2023\/11\/gmail-11.png\" data-srcset=\"https:\/\/king.host\/wiki\/wp-content\/uploads\/2023\/11\/gmail-11.png 344w, https:\/\/king.host\/wiki\/wp-content\/uploads\/2023\/11\/gmail-11-154x300.png 154w\" data-sizes=\"(max-width: 344px) 100vw, 344px\" \/><\/figure>\n<\/div>\n<p style=\"text-align: center;\">Se todos os dados estiverem corretos, a configura\u00e7\u00e3o ser\u00e1 finalizada e o aplicativo carregar\u00e1 as mensagens de seu email &#x1f642;<\/p>\n<div class=\"wp-block-spacer\" style=\"text-align: center;\" aria-hidden=\"true\"><\/div>\n<p style=\"text-align: center;\"><em>Restando d\u00favidas ou precisando de ajuda, contate-nos via telefone ou chat e converse com nosso suporte. Mas tenha em m\u00e3os seu\u00a0c\u00f3digo de cliente\u00a0e\u00a0senha de atendimento\u00a0para ser atendido com mais agilidade.<\/em><\/p>\n","protected":false},"excerpt":{"rendered":"<p>Precisa utilizar sua conta de e-mail com a HCS no celular? Perfeito! Veja neste artigo como configurar sua conta de e-mail no Gmail para Smartphone. O Gmail \u00e9 um \u00f3timo gerenciador de e-mails e possui sua vers\u00e3o para Smartphones. Administrado pela Google, est\u00e1 dispon\u00edvel nas plataformas:\u00a0Android,\u00a0iOS\u00a0(iPhone) e\u00a0Windows Phone. Nele, \u00e9 poss\u00edvel configurarmos contas Microsoft, Outlook, [&hellip;]<\/p>\n","protected":false},"author":1,"featured_media":0,"parent":0,"menu_order":0,"comment_status":"closed","ping_status":"closed","template":"","meta":{"footnotes":""},"class_list":["post-16024","page","type-page","status-publish","hentry"],"_links":{"self":[{"href":"https:\/\/www.hcstecnologia.com.br\/wps\/index.php?rest_route=\/wp\/v2\/pages\/16024","targetHints":{"allow":["GET"]}}],"collection":[{"href":"https:\/\/www.hcstecnologia.com.br\/wps\/index.php?rest_route=\/wp\/v2\/pages"}],"about":[{"href":"https:\/\/www.hcstecnologia.com.br\/wps\/index.php?rest_route=\/wp\/v2\/types\/page"}],"author":[{"embeddable":true,"href":"https:\/\/www.hcstecnologia.com.br\/wps\/index.php?rest_route=\/wp\/v2\/users\/1"}],"replies":[{"embeddable":true,"href":"https:\/\/www.hcstecnologia.com.br\/wps\/index.php?rest_route=%2Fwp%2Fv2%2Fcomments&post=16024"}],"version-history":[{"count":8,"href":"https:\/\/www.hcstecnologia.com.br\/wps\/index.php?rest_route=\/wp\/v2\/pages\/16024\/revisions"}],"predecessor-version":[{"id":16031,"href":"https:\/\/www.hcstecnologia.com.br\/wps\/index.php?rest_route=\/wp\/v2\/pages\/16024\/revisions\/16031"}],"wp:attachment":[{"href":"https:\/\/www.hcstecnologia.com.br\/wps\/index.php?rest_route=%2Fwp%2Fv2%2Fmedia&parent=16024"}],"curies":[{"name":"wp","href":"https:\/\/api.w.org\/{rel}","templated":true}]}}