{"id":7582,"date":"2021-08-26T18:16:34","date_gmt":"2021-08-26T18:16:34","guid":{"rendered":"https:\/\/www.hcstecnologia.com.br\/wps\/?page_id=7582"},"modified":"2022-02-25T21:33:15","modified_gmt":"2022-02-25T21:33:15","slug":"solucoes-de-gestao","status":"publish","type":"page","link":"https:\/\/www.hcstecnologia.com.br\/wps\/?page_id=7582","title":{"rendered":"Solu\u00e7\u00f5es de Gest\u00e3o"},"content":{"rendered":"\n<h1 class=\"wp-block-heading\" id=\"Gestao\"><strong>Conhe\u00e7a a melhor solu\u00e7\u00e3o para gest\u00e3o do seu neg\u00f3cio!!<\/strong><\/h1>\n\n\n\n<figure class=\"wp-block-video\"><video controls src=\"https:\/\/www.hcstecnologia.com.br\/wps\/wp-content\/uploads\/2021\/08\/ClippPro-C4Apresenta.mp4\"><\/video><figcaption><strong>O primeiro passo para um boa gest\u00e3o \u00e9 conhecer os recursos do sistema que voc\u00ea vai utilizar, assista a esse v\u00eddeo de primeira apresenta\u00e7\u00e3o, <a href=\"https:\/\/www.hcstecnologia.com.br\/wps\/wp-content\/uploads\/2021\/08\/Apresentacao_ClippPro.pdf\" data-type=\"URL\" data-id=\"https:\/\/www.hcstecnologia.com.br\/wps\/wp-content\/uploads\/2021\/08\/Apresentacao_ClippPro.pdf\" target=\"_blank\" rel=\"noreferrer noopener\">baixe aqui o folder de recursos <\/a>e entre em contato conosco para obter maiores informa\u00e7\u00f5es.<\/strong><\/figcaption><\/figure>\n\n\n\n<h1 class=\"wp-block-heading\"><strong>A sua empresa na palma da m\u00e3o e em qualquer lugar<\/strong>!<\/h1>\n\n\n\n<figure class=\"wp-block-video\"><video controls src=\"https:\/\/www.hcstecnologia.com.br\/wps\/wp-content\/uploads\/2021\/08\/MeuClipp.mp4\"><\/video><figcaption><strong>N\u00e3o importa onde, voc\u00ea no controle do seu neg\u00f3cio!<\/strong><\/figcaption><\/figure>\n\n\n\n<h1 class=\"wp-block-heading\"><strong>Tenha um e-commerce integrado ao seu sistema de gest\u00e3o!<\/strong><\/h1>\n\n\n\n<figure class=\"wp-block-video\"><video controls src=\"https:\/\/www.hcstecnologia.com.br\/wps\/wp-content\/uploads\/2021\/08\/Frete-e-Pagamento-eC4-Pack-de-Novidades.mp4\"><\/video><figcaption><strong>Mantenha seu neg\u00f3cio faturando mesmo quando sua loja f\u00edsica esta fehcada<\/strong>!<\/figcaption><\/figure>\n\n\n\n<h1 class=\"wp-block-heading\">M\u00f3dulo para uso em restaurantes!<\/h1>\n\n\n\n<div class=\"wp-block-columns is-layout-flex wp-container-core-columns-is-layout-1 wp-block-columns-is-layout-flex\">\n<div class=\"wp-block-column is-layout-flow wp-block-column-is-layout-flow\" style=\"flex-basis:100%\">\n<div class=\"wp-block-media-text alignwide is-stacked-on-mobile\"><figure class=\"wp-block-media-text__media\"><img decoding=\"async\" src=\"https:\/\/www.compufour.com.br\/arquivos\/produtos\/cheff_g.png\" alt=\"\"\/><\/figure><div class=\"wp-block-media-text__content\">\n<p class=\"has-text-align-center has-large-font-size\"><strong>A Solu\u00e7\u00e3o ideal para controle de pedidos e gerenciamento de entregas de seu restaurante!<\/strong><\/p>\n\n\n\n<p class=\"has-text-align-center\"><a href=\"https:\/\/www.hcstecnologia.com.br\/wps\/wp-content\/uploads\/2022\/02\/Apresentacao_ClippCheff.pdf\" target=\"_blank\" rel=\"noreferrer noopener\">Baixe aqui o folder com todas funcionalidades<\/a><\/p>\n<\/div><\/div>\n<\/div>\n<\/div>\n\n\n\n<h3 class=\"wp-block-heading\">Novidades Novo ClippCheff<\/h3>\n\n\n\n<ul class=\"wp-block-list\"><li>&nbsp;Libera\u00e7\u00e3o de Mesas: possibilidade de liberar a mesa para consumir novamente, enquanto o cliente se dirige ao caixa para pagamento.<\/li><li>&nbsp;Permite trabalhar com Mesas, Comandas e Pedidos ao mesmo tempo.<\/li><li>&nbsp;Alerta de tempo sem Consumo: Configura\u00e7\u00e3o para que o gar\u00e7om seja avisado que a mesa esta a tanto tempo sem consumir.<\/li><li>&nbsp;Controle de Consuma\u00e7\u00e3o: Permite controle atrav\u00e9s de valor consuma\u00e7\u00e3o no estabelecimento.<\/li><li>&nbsp;Gerenciamento de Entregas: Possibilidade de gerenciar as entregas atrav\u00e9s dos entregadores.<\/li><li>&nbsp;Consulta de Hist\u00f3rico do Cliente: Mostra e possibilita importar os itens j\u00e1 vendidos pelo hist\u00f3rico do cliente.<\/li><li>&nbsp;Lan\u00e7amento de Produtos Compostos: Pode controlar todo o estoque das mat\u00e9rias primas.<\/li><li>&nbsp;Fun\u00e7\u00e3o para Reservar Mesa: Reserva de mesa para Clientes.<\/li><li>&nbsp;Abertura do Pedido pela Bina: Quando j\u00e1 tiver cliente cadastrado com fone, j\u00e1 ser\u00e1 aberto o pedido para o cliente.<\/li><li>&nbsp;Cadastro r\u00e1pido de adicionais: Cadastre o adicional a qualquer momento.<\/li><li>&nbsp;Controle de Couvert: Por mesa ou por pessoa.<\/li><li>&nbsp;Impress\u00e3o de Confer\u00eancia: Possibilidade de imprimir a confer\u00eancia por dentro da mesa.<\/li><li>&nbsp;Integra\u00e7\u00e3o com APP: Possibilidade de integrar o APP Android.<\/li><li>&nbsp;Desconto e Acr\u00e9scimo na Mesa\/Comanda ou Pedido: Em % ou valor.<\/li><li>&nbsp;Emiss\u00e3o de Documento Fiscal atrav\u00e9s da NFC-e.<\/li><li>&nbsp;Visual mais moderno, bonito e funcional.<\/li><li>&nbsp;SAAS: Software As A Service \u2013 Licen\u00e7a de uso anuidade<\/li><\/ul>\n\n\n\n<p><\/p>\n","protected":false},"excerpt":{"rendered":"<p>Conhe\u00e7a a melhor solu\u00e7\u00e3o para gest\u00e3o do seu neg\u00f3cio!! A sua empresa na palma da m\u00e3o e em qualquer lugar! Tenha um e-commerce integrado ao seu sistema de gest\u00e3o! M\u00f3dulo para uso em restaurantes! A Solu\u00e7\u00e3o ideal para controle de pedidos e gerenciamento de entregas de seu restaurante! Baixe aqui o folder com todas funcionalidades [&hellip;]<\/p>\n","protected":false},"author":1,"featured_media":0,"parent":0,"menu_order":0,"comment_status":"closed","ping_status":"closed","template":"","meta":{"footnotes":""},"class_list":["post-7582","page","type-page","status-publish","hentry"],"_links":{"self":[{"href":"https:\/\/www.hcstecnologia.com.br\/wps\/index.php?rest_route=\/wp\/v2\/pages\/7582","targetHints":{"allow":["GET"]}}],"collection":[{"href":"https:\/\/www.hcstecnologia.com.br\/wps\/index.php?rest_route=\/wp\/v2\/pages"}],"about":[{"href":"https:\/\/www.hcstecnologia.com.br\/wps\/index.php?rest_route=\/wp\/v2\/types\/page"}],"author":[{"embeddable":true,"href":"https:\/\/www.hcstecnologia.com.br\/wps\/index.php?rest_route=\/wp\/v2\/users\/1"}],"replies":[{"embeddable":true,"href":"https:\/\/www.hcstecnologia.com.br\/wps\/index.php?rest_route=%2Fwp%2Fv2%2Fcomments&post=7582"}],"version-history":[{"count":10,"href":"https:\/\/www.hcstecnologia.com.br\/wps\/index.php?rest_route=\/wp\/v2\/pages\/7582\/revisions"}],"predecessor-version":[{"id":12200,"href":"https:\/\/www.hcstecnologia.com.br\/wps\/index.php?rest_route=\/wp\/v2\/pages\/7582\/revisions\/12200"}],"wp:attachment":[{"href":"https:\/\/www.hcstecnologia.com.br\/wps\/index.php?rest_route=%2Fwp%2Fv2%2Fmedia&parent=7582"}],"curies":[{"name":"wp","href":"https:\/\/api.w.org\/{rel}","templated":true}]}}